{"id":80,"date":"2021-11-10T12:44:55","date_gmt":"2021-11-10T11:44:55","guid":{"rendered":"https:\/\/www.kressepark-erfurt.de\/eiszauber\/?page_id=80"},"modified":"2023-11-20T09:49:41","modified_gmt":"2023-11-20T08:49:41","slug":"gastronomie-events","status":"publish","type":"page","link":"https:\/\/www.kressepark-erfurt.de\/eiszauber\/gastronomie-events\/","title":{"rendered":"Gastronomie &#038; Events"},"content":{"rendered":"<p><div class=\"fusion-fullwidth fullwidth-box fusion-builder-row-1 nonhundred-percent-fullwidth non-hundred-percent-height-scrolling\" style=\"background-color: rgba(255,255,255,0);background-position: center center;background-repeat: no-repeat;padding-top:50px;padding-right:0px;padding-bottom:0px;padding-left:0px;margin-bottom: 0px;margin-top: 0px;border-width: 0px 0px 0px 0px;border-color:#eae9e9;border-style:solid;\" ><div class=\"fusion-builder-row fusion-row\"><div class=\"fusion-layout-column fusion_builder_column fusion-builder-column-0 fusion_builder_column_1_1 1_1 fusion-one-full fusion-column-first fusion-column-last\" style=\"margin-top:0px;margin-bottom:20px;\"><div class=\"fusion-column-wrapper fusion-flex-column-wrapper-legacy\" style=\"background-position:left top;background-repeat:no-repeat;-webkit-background-size:cover;-moz-background-size:cover;-o-background-size:cover;background-size:cover;padding: 0px 0px 40px 0px;\"><div class=\"fusion-text fusion-text-1\"><h1 style=\"text-align: center;\" data-fontsize=\"32\" data-lineheight=\"41\">Gastronomie &amp; Events<\/h1>\n<\/div><div class=\"fusion-sep-clear\"><\/div><div class=\"fusion-separator fusion-has-icon fusion-full-width-sep\" style=\"margin-left: auto;margin-right: auto;width:100%;\"><div class=\"fusion-separator-border sep-single sep-solid\" style=\"border-color:#98c01f;border-top-width:2px;\"><\/div><span class=\"icon-wrapper\" style=\"border-color:#98c01f;background-color:rgba(255,255,255,0);font-size:16px;width: 1.75em; height: 1.75em;border-width:2px;padding:2px;margin-top:-1px\"><i class=\"fa-ellipsis-h fas\" style=\"font-size: inherit;color:#98c01f;\" aria-hidden=\"true\"><\/i><\/span><div class=\"fusion-separator-border sep-single sep-solid\" style=\"border-color:#98c01f;border-top-width:2px;\"><\/div><\/div><div class=\"fusion-sep-clear\"><\/div><span class=\" fusion-imageframe imageframe-none imageframe-1 hover-type-none\"><img width=\"1200\" height=\"407\" title=\"Header_Eiszauber2_1200x407\" src=\"https:\/\/www.kressepark-erfurt.de\/eiszauber\/wp-content\/uploads\/sites\/11\/2021\/11\/Header_Eiszauber2_1200x407.jpg\" data-orig-src=\"https:\/\/www.kressepark-erfurt.de\/eiszauber\/wp-content\/uploads\/sites\/11\/2021\/11\/Header_Eiszauber2_1200x407.jpg\" alt class=\"lazyload img-responsive wp-image-78\" srcset=\"data:image\/svg+xml,%3Csvg%20xmlns%3D%27http%3A%2F%2Fwww.w3.org%2F2000%2Fsvg%27%20width%3D%271200%27%20height%3D%27407%27%20viewBox%3D%270%200%201200%20407%27%3E%3Crect%20width%3D%271200%27%20height%3D%27407%27%20fill-opacity%3D%220%22%2F%3E%3C%2Fsvg%3E\" data-srcset=\"https:\/\/www.kressepark-erfurt.de\/eiszauber\/wp-content\/uploads\/sites\/11\/2021\/11\/Header_Eiszauber2_1200x407-200x68.jpg 200w, https:\/\/www.kressepark-erfurt.de\/eiszauber\/wp-content\/uploads\/sites\/11\/2021\/11\/Header_Eiszauber2_1200x407-400x136.jpg 400w, https:\/\/www.kressepark-erfurt.de\/eiszauber\/wp-content\/uploads\/sites\/11\/2021\/11\/Header_Eiszauber2_1200x407-600x204.jpg 600w, https:\/\/www.kressepark-erfurt.de\/eiszauber\/wp-content\/uploads\/sites\/11\/2021\/11\/Header_Eiszauber2_1200x407-800x271.jpg 800w, https:\/\/www.kressepark-erfurt.de\/eiszauber\/wp-content\/uploads\/sites\/11\/2021\/11\/Header_Eiszauber2_1200x407.jpg 1200w\" data-sizes=\"auto\" data-orig-sizes=\"(max-width: 800px) 100vw, 1200px\" \/><\/span><div class=\"fusion-clearfix\"><\/div><\/div><\/div><\/div><\/div><div class=\"fusion-fullwidth fullwidth-box fusion-builder-row-2 fusion-flex-container nonhundred-percent-fullwidth non-hundred-percent-height-scrolling\" style=\"background-color: rgba(255,255,255,0);background-position: center center;background-repeat: no-repeat;border-width: 0px 0px 0px 0px;border-color:#eae9e9;border-style:solid;\" ><div class=\"fusion-builder-row fusion-row fusion-flex-align-items-flex-start\" style=\"max-width:1144px;margin-left: calc(-4% \/ 2 );margin-right: calc(-4% \/ 2 );\"><\/div><style type=\"text\/css\">.fusion-body .fusion-flex-container.fusion-builder-row-2{ padding-top : 0px;margin-top : 0px;padding-right : 0px;padding-bottom : 0px;margin-bottom : 0px;padding-left : 0px;}<\/style><\/div><div class=\"fusion-fullwidth fullwidth-box fusion-builder-row-3 fusion-flex-container nonhundred-percent-fullwidth non-hundred-percent-height-scrolling\" style=\"background-color: rgba(255,255,255,0);background-position: center center;background-repeat: no-repeat;border-width: 0px 0px 0px 0px;border-color:#eae9e9;border-style:solid;\" ><div class=\"fusion-builder-row fusion-row fusion-flex-align-items-flex-start\" style=\"max-width:1144px;margin-left: calc(-4% \/ 2 );margin-right: calc(-4% \/ 2 );\"><div class=\"fusion-layout-column fusion_builder_column fusion-builder-column-1 fusion_builder_column_1_1 1_1 fusion-flex-column\"><div class=\"fusion-column-wrapper fusion-flex-justify-content-flex-start fusion-content-layout-column\" style=\"background-position:left top;background-repeat:no-repeat;-webkit-background-size:cover;-moz-background-size:cover;-o-background-size:cover;background-size:cover;padding: 0px 0px 0px 0px;\"><div class=\"fusion-text fusion-text-2\"><p><strong>Eislaufen im sch\u00f6nen Kressepark Erfurt<br \/>\n<\/strong><\/p>\n<\/div><div class=\"fusion-text fusion-text-3\"><p>Alle zur Ausleihe verf\u00fcgbaren Schlittschuhe, Helme, Lauflernhilfen etc. werden durch unser geschultes Personal st\u00e4ndig gereinigt und desinfiziert.<\/p>\n<p>F\u00fcr die Schuhe und Helme sind entsprechende Einmal-Schutzt\u00fcten bzw. Schutzhauben vorr\u00e4tig, so dass kein Hautkontakt mit geliehener Ausr\u00fcstung besteht.<br \/>\nUm den n\u00f6tigen Abstand zu halten, lassen wir max. 40 Personen gleichzeitig aufs Eis, so das pro Person ca. 5m\u00b2 Fl\u00e4che zur Verf\u00fcgung stehen. Alle unsere Ma\u00dfnahmen finden Sie direkt an der Eisfl\u00e4che gut sichtbar ausgeschildert.<\/p>\n<\/div><\/div><style type=\"text\/css\">.fusion-body .fusion-builder-column-1{width:100% !important;margin-top : 0px;margin-bottom : 20px;}.fusion-builder-column-1 > .fusion-column-wrapper {padding-top : 0px !important;padding-right : 0px !important;margin-right : 1.92%;padding-bottom : 0px !important;padding-left : 0px !important;margin-left : 1.92%;}@media only screen and (max-width:1024px) {.fusion-body .fusion-builder-column-1{width:100% !important;order : 0;}.fusion-builder-column-1 > .fusion-column-wrapper {margin-right : 1.92%;margin-left : 1.92%;}}@media only screen and (max-width:640px) {.fusion-body .fusion-builder-column-1{width:100% !important;order : 0;}.fusion-builder-column-1 > .fusion-column-wrapper {margin-right : 1.92%;margin-left : 1.92%;}}<\/style><\/div><\/div><style type=\"text\/css\">.fusion-body .fusion-flex-container.fusion-builder-row-3{ padding-top : 0px;margin-top : 0px;padding-right : 0px;padding-bottom : 0px;margin-bottom : 0px;padding-left : 0px;}<\/style><\/div><div class=\"fusion-fullwidth fullwidth-box fusion-builder-row-4 fusion-flex-container nonhundred-percent-fullwidth non-hundred-percent-height-scrolling\" style=\"background-color: rgba(255,255,255,0);background-position: center center;background-repeat: no-repeat;border-width: 0px 0px 0px 0px;border-color:#eae9e9;border-style:solid;\" ><div class=\"fusion-builder-row fusion-row fusion-flex-align-items-flex-start\" style=\"max-width:1144px;margin-left: calc(-4% \/ 2 );margin-right: calc(-4% \/ 2 );\"><div class=\"fusion-layout-column fusion_builder_column fusion-builder-column-2 fusion_builder_column_1_2 1_2 fusion-flex-column\"><div class=\"fusion-column-wrapper fusion-flex-justify-content-flex-start fusion-content-layout-column\" style=\"background-position:left top;background-repeat:no-repeat;-webkit-background-size:cover;-moz-background-size:cover;-o-background-size:cover;background-size:cover;padding: 0px 0px 0px 0px;\"><div class=\"fusion-text fusion-text-4\"><p><strong>Unser Angebot f\u00fcr die Kleinsten:<\/strong><\/p>\n<\/div><div ><span class=\" fusion-imageframe imageframe-none imageframe-2 hover-type-none\"><img width=\"600\" height=\"380\" title=\"schulausflug_600x380\" src=\"https:\/\/www.kressepark-erfurt.de\/eiszauber\/wp-content\/uploads\/sites\/11\/2021\/11\/schulausflug_600x380.jpg\" data-orig-src=\"https:\/\/www.kressepark-erfurt.de\/eiszauber\/wp-content\/uploads\/sites\/11\/2021\/11\/schulausflug_600x380.jpg\" alt class=\"lazyload img-responsive wp-image-83\" srcset=\"data:image\/svg+xml,%3Csvg%20xmlns%3D%27http%3A%2F%2Fwww.w3.org%2F2000%2Fsvg%27%20width%3D%27600%27%20height%3D%27380%27%20viewBox%3D%270%200%20600%20380%27%3E%3Crect%20width%3D%27600%27%20height%3D%27380%27%20fill-opacity%3D%220%22%2F%3E%3C%2Fsvg%3E\" data-srcset=\"https:\/\/www.kressepark-erfurt.de\/eiszauber\/wp-content\/uploads\/sites\/11\/2021\/11\/schulausflug_600x380-200x127.jpg 200w, https:\/\/www.kressepark-erfurt.de\/eiszauber\/wp-content\/uploads\/sites\/11\/2021\/11\/schulausflug_600x380-400x253.jpg 400w, https:\/\/www.kressepark-erfurt.de\/eiszauber\/wp-content\/uploads\/sites\/11\/2021\/11\/schulausflug_600x380.jpg 600w\" data-sizes=\"auto\" data-orig-sizes=\"(max-width: 1024px) 100vw, (max-width: 640px) 100vw, 600px\" \/><\/span><\/div><div class=\"fusion-separator fusion-full-width-sep\" style=\"align-self: center;margin-left: auto;margin-right: auto;margin-bottom:20px;width:100%;\"><\/div><div class=\"fusion-text fusion-text-5\"><p>Freitagvormittag in der Zeit von <strong>10:00 \u2013 14:00 Uhr<\/strong> bieten wir allen <strong>KITA<\/strong> oder <strong>Schulklassen<\/strong> an, die Eisbahn sowie Schlittschuhe f\u00fcr 3,50 \u20ac (pro Kind, inkl. Schuhen\/Laufhilfe und 1 Stunde Bahnnutzung) zu nutzen. Wir bitten um vorherige Anmeldung\/Reservierung unter <a href=\"mailto:info@kressepark-erfurt.de\" target=\"_blank\" rel=\"noopener\">info@kressepark-erfurt.de<\/a> oder unter 03 61\u00a0 789 44 13.<\/p>\n<\/div><\/div><style type=\"text\/css\">.fusion-body .fusion-builder-column-2{width:50% !important;margin-top : 0px;margin-bottom : 20px;}.fusion-builder-column-2 > .fusion-column-wrapper {padding-top : 0px !important;padding-right : 0px !important;margin-right : 3.84%;padding-bottom : 0px !important;padding-left : 0px !important;margin-left : 3.84%;}@media only screen and (max-width:1024px) {.fusion-body .fusion-builder-column-2{width:100% !important;order : 0;}.fusion-builder-column-2 > .fusion-column-wrapper {margin-right : 1.92%;margin-left : 1.92%;}}@media only screen and (max-width:640px) {.fusion-body .fusion-builder-column-2{width:100% !important;order : 0;}.fusion-builder-column-2 > .fusion-column-wrapper {margin-right : 1.92%;margin-left : 1.92%;}}<\/style><\/div><div class=\"fusion-layout-column fusion_builder_column fusion-builder-column-3 fusion_builder_column_1_2 1_2 fusion-flex-column\"><div class=\"fusion-column-wrapper fusion-flex-justify-content-flex-start fusion-content-layout-column\" style=\"background-position:left top;background-repeat:no-repeat;-webkit-background-size:cover;-moz-background-size:cover;-o-background-size:cover;background-size:cover;padding: 0px 0px 0px 0px;\"><div class=\"fusion-text fusion-text-6\"><p><strong>Betriebs- \/Weihnachtsfeiern<br \/>\n<\/strong><\/p>\n<\/div><div ><span class=\" fusion-imageframe imageframe-none imageframe-3 hover-type-none\"><img width=\"600\" height=\"380\" title=\"Betriebsfeier_600x380\" src=\"https:\/\/www.kressepark-erfurt.de\/eiszauber\/wp-content\/uploads\/sites\/11\/2021\/11\/Betriebsfeier_600x380.jpg\" data-orig-src=\"https:\/\/www.kressepark-erfurt.de\/eiszauber\/wp-content\/uploads\/sites\/11\/2021\/11\/Betriebsfeier_600x380.jpg\" alt class=\"lazyload img-responsive wp-image-85\" srcset=\"data:image\/svg+xml,%3Csvg%20xmlns%3D%27http%3A%2F%2Fwww.w3.org%2F2000%2Fsvg%27%20width%3D%27600%27%20height%3D%27380%27%20viewBox%3D%270%200%20600%20380%27%3E%3Crect%20width%3D%27600%27%20height%3D%27380%27%20fill-opacity%3D%220%22%2F%3E%3C%2Fsvg%3E\" data-srcset=\"https:\/\/www.kressepark-erfurt.de\/eiszauber\/wp-content\/uploads\/sites\/11\/2021\/11\/Betriebsfeier_600x380-200x127.jpg 200w, https:\/\/www.kressepark-erfurt.de\/eiszauber\/wp-content\/uploads\/sites\/11\/2021\/11\/Betriebsfeier_600x380-400x253.jpg 400w, https:\/\/www.kressepark-erfurt.de\/eiszauber\/wp-content\/uploads\/sites\/11\/2021\/11\/Betriebsfeier_600x380.jpg 600w\" data-sizes=\"auto\" data-orig-sizes=\"(max-width: 1024px) 100vw, (max-width: 640px) 100vw, 600px\" \/><\/span><\/div><div class=\"fusion-separator fusion-full-width-sep\" style=\"align-self: center;margin-left: auto;margin-right: auto;margin-bottom:20px;width:100%;\"><\/div><div class=\"fusion-text fusion-text-7\"><p>Warum dieses Jahr nicht mal was anderes ausprobieren?<br \/>\nEine Weihnachtsfeier oder ein privates Event auf der Eisbahn? Warum nicht :) Es ist Sicher und auf jeden Fall eine gelungene Abwechslung.<\/p>\n<p>Die Freifl\u00e4che von mehr als 1000m\u00b2 im Kressepark bietet alle M\u00f6glichkeiten und notwendigen Vorkehrungen, die f\u00fcr ein solches Event ben\u00f6tigt werden. Unser erstklassisches Faustfood, die warmen und kalten Getr\u00e4nke k\u00f6nnen auf den ausreichend zur Verf\u00fcgung stehenden Tischen im Freien oder unter einem Zeltdach genossen werden.<\/p>\n<p>Neben dem klassischen Schlittschuhlaufen sind nat\u00fcrlich auch Team-Spiele oder Einzelwettk\u00e4mpfe f\u00fcr Ihre Mitarbeiter oder G\u00e4ste m\u00f6glich.<br \/>\nIm Zeitraum vom Dezember bis M\u00e4rz gibt es zus\u00e4tzlich noch die Kunstausstellung von namhaften Th\u00fcringer K\u00fcnstlern auf dem Gel\u00e4nde zu bestaunen. Im gesamten Kressepark-Areal sind Skulpturen aufgebaut und effektvoll beleuchtet.<\/p>\n<\/div><\/div><style type=\"text\/css\">.fusion-body .fusion-builder-column-3{width:50% !important;margin-top : 0px;margin-bottom : 20px;}.fusion-builder-column-3 > .fusion-column-wrapper {padding-top : 0px !important;padding-right : 0px !important;margin-right : 3.84%;padding-bottom : 0px !important;padding-left : 0px !important;margin-left : 3.84%;}@media only screen and (max-width:1024px) {.fusion-body .fusion-builder-column-3{width:100% !important;order : 0;}.fusion-builder-column-3 > .fusion-column-wrapper {margin-right : 1.92%;margin-left : 1.92%;}}@media only screen and (max-width:640px) {.fusion-body .fusion-builder-column-3{width:100% !important;order : 0;}.fusion-builder-column-3 > .fusion-column-wrapper {margin-right : 1.92%;margin-left : 1.92%;}}<\/style><\/div><\/div><style type=\"text\/css\">.fusion-body .fusion-flex-container.fusion-builder-row-4{ padding-top : 0px;margin-top : 0px;padding-right : 0px;padding-bottom : 0px;margin-bottom : 0px;padding-left : 0px;}<\/style><\/div><div class=\"fusion-fullwidth fullwidth-box fusion-builder-row-5 fusion-flex-container nonhundred-percent-fullwidth non-hundred-percent-height-scrolling\" style=\"background-color: #eaeaea;background-position: center center;background-repeat: no-repeat;border-width: 0px 0px 0px 0px;border-color:#eae9e9;border-style:solid;\" ><div class=\"fusion-builder-row fusion-row fusion-flex-align-items-flex-start\" style=\"max-width:1144px;margin-left: calc(-4% \/ 2 );margin-right: calc(-4% \/ 2 );\"><div class=\"fusion-layout-column fusion_builder_column fusion-builder-column-4 fusion_builder_column_1_1 1_1 fusion-flex-column\"><div class=\"fusion-column-wrapper fusion-flex-justify-content-flex-start fusion-content-layout-column\" style=\"background-position:left top;background-repeat:no-repeat;-webkit-background-size:cover;-moz-background-size:cover;-o-background-size:cover;background-size:cover;padding: 0px 0px 0px 0px;\"><div class=\"fusion-text fusion-text-8\"><p style=\"text-align: center;\"><strong>F\u00fcr Reservierungen schreibten Sie uns <a href=\"mailto:info@kressepark-erfurt.de\" target=\"_blank\" rel=\"noopener\">info@kressepark-erfurt.de<\/a> oder ruft uns unter 03 61 &#8211; 789 44 13 an.<\/strong><\/p>\n<\/div><\/div><style type=\"text\/css\">.fusion-body .fusion-builder-column-4{width:100% !important;margin-top : 0px;margin-bottom : 20px;}.fusion-builder-column-4 > .fusion-column-wrapper {padding-top : 0px !important;padding-right : 0px !important;margin-right : 1.92%;padding-bottom : 0px !important;padding-left : 0px !important;margin-left : 1.92%;}@media only screen and (max-width:1024px) {.fusion-body .fusion-builder-column-4{width:100% !important;order : 0;}.fusion-builder-column-4 > .fusion-column-wrapper {margin-right : 1.92%;margin-left : 1.92%;}}@media only screen and (max-width:640px) {.fusion-body .fusion-builder-column-4{width:100% !important;order : 0;}.fusion-builder-column-4 > .fusion-column-wrapper {margin-right : 1.92%;margin-left : 1.92%;}}<\/style><\/div><\/div><style type=\"text\/css\">.fusion-body .fusion-flex-container.fusion-builder-row-5{ padding-top : 50px;margin-top : 0px;padding-right : 30px;padding-bottom : 50px;margin-bottom : 0px;padding-left : 30px;}<\/style><\/div><\/p>\n","protected":false},"excerpt":{"rendered":"","protected":false},"author":4,"featured_media":0,"parent":0,"menu_order":0,"comment_status":"closed","ping_status":"closed","template":"100-width.php","meta":[],"acf":[],"yoast_head":"<!-- This site is optimized with the Yoast SEO plugin v18.6 - https:\/\/yoast.com\/wordpress\/plugins\/seo\/ -->\n<title>Gastronomie &amp; Events - Eiszauber<\/title>\n<meta name=\"robots\" content=\"index, follow, max-snippet:-1, max-image-preview:large, max-video-preview:-1\" \/>\n<link rel=\"canonical\" href=\"https:\/\/www.kressepark-erfurt.de\/eiszauber\/gastronomie-events\/\" \/>\n<meta property=\"og:locale\" content=\"de_DE\" \/>\n<meta property=\"og:type\" content=\"article\" \/>\n<meta property=\"og:title\" content=\"Gastronomie &amp; Events - Eiszauber\" \/>\n<meta property=\"og:url\" content=\"https:\/\/www.kressepark-erfurt.de\/eiszauber\/gastronomie-events\/\" \/>\n<meta property=\"og:site_name\" content=\"Eiszauber\" \/>\n<meta property=\"article:modified_time\" content=\"2023-11-20T08:49:41+00:00\" \/>\n<meta name=\"twitter:card\" content=\"summary_large_image\" \/>\n<meta name=\"twitter:label1\" content=\"Gesch\u00e4tzte Lesezeit\" \/>\n\t<meta name=\"twitter:data1\" content=\"21\u00a0Minuten\" \/>\n<script type=\"application\/ld+json\" class=\"yoast-schema-graph\">{\"@context\":\"https:\/\/schema.org\",\"@graph\":[{\"@type\":\"WebSite\",\"@id\":\"https:\/\/www.kressepark-erfurt.de\/eiszauber\/#website\",\"url\":\"https:\/\/www.kressepark-erfurt.de\/eiszauber\/\",\"name\":\"Eiszauber\",\"description\":\"Eine weitere Fischer Gastronomie Websites Website\",\"potentialAction\":[{\"@type\":\"SearchAction\",\"target\":{\"@type\":\"EntryPoint\",\"urlTemplate\":\"https:\/\/www.kressepark-erfurt.de\/eiszauber\/?s={search_term_string}\"},\"query-input\":\"required name=search_term_string\"}],\"inLanguage\":\"de\"},{\"@type\":\"WebPage\",\"@id\":\"https:\/\/www.kressepark-erfurt.de\/eiszauber\/gastronomie-events\/#webpage\",\"url\":\"https:\/\/www.kressepark-erfurt.de\/eiszauber\/gastronomie-events\/\",\"name\":\"Gastronomie & Events - Eiszauber\",\"isPartOf\":{\"@id\":\"https:\/\/www.kressepark-erfurt.de\/eiszauber\/#website\"},\"datePublished\":\"2021-11-10T11:44:55+00:00\",\"dateModified\":\"2023-11-20T08:49:41+00:00\",\"breadcrumb\":{\"@id\":\"https:\/\/www.kressepark-erfurt.de\/eiszauber\/gastronomie-events\/#breadcrumb\"},\"inLanguage\":\"de\",\"potentialAction\":[{\"@type\":\"ReadAction\",\"target\":[\"https:\/\/www.kressepark-erfurt.de\/eiszauber\/gastronomie-events\/\"]}]},{\"@type\":\"BreadcrumbList\",\"@id\":\"https:\/\/www.kressepark-erfurt.de\/eiszauber\/gastronomie-events\/#breadcrumb\",\"itemListElement\":[{\"@type\":\"ListItem\",\"position\":1,\"name\":\"Startseite\",\"item\":\"https:\/\/www.kressepark-erfurt.de\/eiszauber\/\"},{\"@type\":\"ListItem\",\"position\":2,\"name\":\"Gastronomie &#038; Events\"}]}]}<\/script>\n<!-- \/ Yoast SEO plugin. -->","yoast_head_json":{"title":"Gastronomie & Events - Eiszauber","robots":{"index":"index","follow":"follow","max-snippet":"max-snippet:-1","max-image-preview":"max-image-preview:large","max-video-preview":"max-video-preview:-1"},"canonical":"https:\/\/www.kressepark-erfurt.de\/eiszauber\/gastronomie-events\/","og_locale":"de_DE","og_type":"article","og_title":"Gastronomie & Events - Eiszauber","og_url":"https:\/\/www.kressepark-erfurt.de\/eiszauber\/gastronomie-events\/","og_site_name":"Eiszauber","article_modified_time":"2023-11-20T08:49:41+00:00","twitter_card":"summary_large_image","twitter_misc":{"Gesch\u00e4tzte Lesezeit":"21\u00a0Minuten"},"schema":{"@context":"https:\/\/schema.org","@graph":[{"@type":"WebSite","@id":"https:\/\/www.kressepark-erfurt.de\/eiszauber\/#website","url":"https:\/\/www.kressepark-erfurt.de\/eiszauber\/","name":"Eiszauber","description":"Eine weitere Fischer Gastronomie Websites Website","potentialAction":[{"@type":"SearchAction","target":{"@type":"EntryPoint","urlTemplate":"https:\/\/www.kressepark-erfurt.de\/eiszauber\/?s={search_term_string}"},"query-input":"required name=search_term_string"}],"inLanguage":"de"},{"@type":"WebPage","@id":"https:\/\/www.kressepark-erfurt.de\/eiszauber\/gastronomie-events\/#webpage","url":"https:\/\/www.kressepark-erfurt.de\/eiszauber\/gastronomie-events\/","name":"Gastronomie & Events - Eiszauber","isPartOf":{"@id":"https:\/\/www.kressepark-erfurt.de\/eiszauber\/#website"},"datePublished":"2021-11-10T11:44:55+00:00","dateModified":"2023-11-20T08:49:41+00:00","breadcrumb":{"@id":"https:\/\/www.kressepark-erfurt.de\/eiszauber\/gastronomie-events\/#breadcrumb"},"inLanguage":"de","potentialAction":[{"@type":"ReadAction","target":["https:\/\/www.kressepark-erfurt.de\/eiszauber\/gastronomie-events\/"]}]},{"@type":"BreadcrumbList","@id":"https:\/\/www.kressepark-erfurt.de\/eiszauber\/gastronomie-events\/#breadcrumb","itemListElement":[{"@type":"ListItem","position":1,"name":"Startseite","item":"https:\/\/www.kressepark-erfurt.de\/eiszauber\/"},{"@type":"ListItem","position":2,"name":"Gastronomie &#038; Events"}]}]}},"_links":{"self":[{"href":"https:\/\/www.kressepark-erfurt.de\/eiszauber\/wp-json\/wp\/v2\/pages\/80"}],"collection":[{"href":"https:\/\/www.kressepark-erfurt.de\/eiszauber\/wp-json\/wp\/v2\/pages"}],"about":[{"href":"https:\/\/www.kressepark-erfurt.de\/eiszauber\/wp-json\/wp\/v2\/types\/page"}],"author":[{"embeddable":true,"href":"https:\/\/www.kressepark-erfurt.de\/eiszauber\/wp-json\/wp\/v2\/users\/4"}],"replies":[{"embeddable":true,"href":"https:\/\/www.kressepark-erfurt.de\/eiszauber\/wp-json\/wp\/v2\/comments?post=80"}],"version-history":[{"count":16,"href":"https:\/\/www.kressepark-erfurt.de\/eiszauber\/wp-json\/wp\/v2\/pages\/80\/revisions"}],"predecessor-version":[{"id":201,"href":"https:\/\/www.kressepark-erfurt.de\/eiszauber\/wp-json\/wp\/v2\/pages\/80\/revisions\/201"}],"wp:attachment":[{"href":"https:\/\/www.kressepark-erfurt.de\/eiszauber\/wp-json\/wp\/v2\/media?parent=80"}],"curies":[{"name":"wp","href":"https:\/\/api.w.org\/{rel}","templated":true}]}}