{"id":57,"date":"2020-01-13T10:10:20","date_gmt":"2020-01-13T09:10:20","guid":{"rendered":"https:\/\/fischergastrogmbh.de\/kressepark-erfurt\/?page_id=57"},"modified":"2020-01-13T10:10:20","modified_gmt":"2020-01-13T09:10:20","slug":"impressum","status":"publish","type":"page","link":"https:\/\/www.kressepark-erfurt.de\/eiszauber\/impressum\/","title":{"rendered":"Impressum"},"content":{"rendered":"<div class=\"fusion-fullwidth fullwidth-box fusion-builder-row-1 nonhundred-percent-fullwidth non-hundred-percent-height-scrolling\" style=\"background-color: rgba(255,255,255,0);background-position: center center;background-repeat: no-repeat;padding-top:80px;padding-right:0px;padding-bottom:0px;padding-left:0px;margin-bottom: 0px;margin-top: 0px;border-width: 0px 0px 0px 0px;border-color:#eae9e9;border-style:solid;\" ><div class=\"fusion-builder-row fusion-row\"><div class=\"fusion-layout-column fusion_builder_column fusion-builder-column-0 fusion_builder_column_1_1 1_1 fusion-one-full fusion-column-first fusion-column-last\" style=\"margin-top:0px;margin-bottom:20px;\"><div class=\"fusion-column-wrapper fusion-flex-column-wrapper-legacy\" style=\"background-position:left top;background-repeat:no-repeat;-webkit-background-size:cover;-moz-background-size:cover;-o-background-size:cover;background-size:cover;padding: 0px 0px 40px 0px;\"><div class=\"fusion-text fusion-text-1\"><h1 style=\"text-align: center\" data-fontsize=\"32\" data-lineheight=\"41\">Impressum<\/h1>\n<\/div><div class=\"fusion-sep-clear\"><\/div><div class=\"fusion-separator fusion-has-icon fusion-full-width-sep\" style=\"margin-left: auto;margin-right: auto;width:100%;\"><div class=\"fusion-separator-border sep-single sep-solid\" style=\"border-color:#98c01f;border-top-width:2px;\"><\/div><span class=\"icon-wrapper\" style=\"border-color:#98c01f;background-color:rgba(255,255,255,0);font-size:16px;width: 1.75em; height: 1.75em;border-width:2px;padding:2px;margin-top:-1px\"><i class=\"fa-ellipsis-h fas\" style=\"font-size: inherit;color:#98c01f;\" aria-hidden=\"true\"><\/i><\/span><div class=\"fusion-separator-border sep-single sep-solid\" style=\"border-color:#98c01f;border-top-width:2px;\"><\/div><\/div><div class=\"fusion-sep-clear\"><\/div><div class=\"fusion-clearfix\"><\/div><\/div><\/div><div class=\"fusion-layout-column fusion_builder_column fusion-builder-column-1 fusion_builder_column_1_1 1_1 fusion-one-full fusion-column-first fusion-column-last\" style=\"margin-top:0px;margin-bottom:20px;\"><div class=\"fusion-column-wrapper fusion-flex-column-wrapper-legacy\" style=\"background-position:left top;background-repeat:no-repeat;-webkit-background-size:cover;-moz-background-size:cover;-o-background-size:cover;background-size:cover;padding: 0px 0px 0px 0px;\"><div class=\"fusion-text fusion-text-2\"><h2>Angaben gem\u00e4\u00df \u00a7 5 TMG:<\/h2>\n<p>Inhaber: Fischer Betriebs GmbH<br \/>Gesch\u00e4ftsf\u00fchrer: Christian Fischer<br \/>Steuernummer:\u00a0151 \/ 108 \/ 13276<\/p>\n<h2>Kontakt:<\/h2>\n<table>\n<tbody>\n<tr>\n<td>Telefon:<\/td>\n<td>+49 (0) 361 789 44 13<\/td>\n<\/tr>\n<tr>\n<td>Telefax:<\/td>\n<td>+49 (0) 361 653 19 622<\/td>\n<\/tr>\n<tr>\n<td>E-Mail:<\/td>\n<td>info[\u00e4t]kressepark-erfurt.de<\/td>\n<\/tr>\n<\/tbody>\n<\/table>\n<p>\u00a0<\/p>\n<h2>Registereintrag:<\/h2>\n<p>Eintragung im Handelsregister.<br \/>Registergericht: Amtsgericht Jena<br \/>Registernummer: HRB 507051<\/p>\n<p>Quelle: erstellt mit dem\u00a0<a href=\"http:\/\/www.e-recht24.de\/impressum-generator.html\" target=\"_blank\" rel=\"noopener noreferrer\">Impressum-Generator Gesellschaft mit beschr\u00e4nkter Haftung (GmbH)<\/a>\u00a0von eRecht24.<\/p>\n<h2>Haftungsausschluss:<\/h2>\n<p><strong>Haftung f\u00fcr Inhalte<\/strong><\/p>\n<p>Die Inhalte unserer Seiten wurden mit gr\u00f6\u00dfter Sorgfalt erstellt. F\u00fcr die Richtigkeit, Vollst\u00e4ndigkeit und Aktualit\u00e4t der Inhalte k\u00f6nnen wir jedoch keine Gew\u00e4hr \u00fcbernehmen. Als Diensteanbieter sind wir gem\u00e4\u00df \u00a7 7 Abs.1 TMG f\u00fcr eigene Inhalte auf diesen Seiten nach den allgemeinen Gesetzen verantwortlich. Nach \u00a7\u00a7 8 bis 10 TMG sind wir als Diensteanbieter jedoch nicht verpflichtet, \u00fcbermittelte oder gespeicherte fremde Informationen zu \u00fcberwachen oder nach Umst\u00e4nden zu forschen, die auf eine rechtswidrige T\u00e4tigkeit hinweisen. Verpflichtungen zur Entfernung oder Sperrung der Nutzung von Informationen nach den allgemeinen Gesetzen bleiben hiervon unber\u00fchrt. Eine diesbez\u00fcgliche Haftung ist jedoch erst ab dem Zeitpunkt der Kenntnis einer konkreten Rechtsverletzung m\u00f6glich. Bei Bekanntwerden von entsprechenden Rechtsverletzungen werden wir diese Inhalte umgehend entfernen.<\/p>\n<p><strong>Haftung f\u00fcr Links<\/strong><\/p>\n<p>Unser Angebot enth\u00e4lt Links zu externen Webseiten Dritter, auf deren Inhalte wir keinen Einfluss haben. Deshalb k\u00f6nnen wir f\u00fcr diese fremden Inhalte auch keine Gew\u00e4hr \u00fcbernehmen. F\u00fcr die Inhalte der verlinkten Seiten ist stets der jeweilige Anbieter oder Betreiber der Seiten verantwortlich. Die verlinkten Seiten wurden zum Zeitpunkt der Verlinkung auf m\u00f6gliche Rechtsverst\u00f6\u00dfe \u00fcberpr\u00fcft. Rechtswidrige Inhalte waren zum Zeitpunkt der Verlinkung nicht erkennbar. Eine permanente inhaltliche Kontrolle der verlinkten Seiten ist jedoch ohne konkrete Anhaltspunkte einer Rechtsverletzung nicht zumutbar. Bei Bekanntwerden von Rechtsverletzungen werden wir derartige Links umgehend entfernen.<\/p>\n<p><strong>Urheberrecht<\/strong><\/p>\n<p>Die durch die Seitenbetreiber erstellten Inhalte und Werke auf diesen Seiten unterliegen dem deutschen Urheberrecht. Die Vervielf\u00e4ltigung, Bearbeitung, Verbreitung und jede Art der Verwertung au\u00dferhalb der Grenzen des Urheberrechtes bed\u00fcrfen der schriftlichen Zustimmung des jeweiligen Autors bzw. Erstellers. Downloads und Kopien dieser Seite sind nur f\u00fcr den privaten, nicht kommerziellen Gebrauch gestattet. Soweit die Inhalte auf dieser Seite nicht vom Betreiber erstellt wurden, werden die Urheberrechte Dritter beachtet. Insbesondere werden Inhalte Dritter als solche gekennzeichnet. Sollten Sie trotzdem auf eine Urheberrechtsverletzung aufmerksam werden, bitten wir um einen entsprechenden Hinweis. Bei Bekanntwerden von Rechtsverletzungen werden wir derartige Inhalte umgehend entfernen.<\/p>\n<p><em>Dieses Impressum gilt auch f\u00fcr die folgenden Fan-Seiten auf Facebook: <a href=\"https:\/\/www.facebook.com\/cafe44.erfurt\/\">https:\/\/www.facebook.com\/cafe44.erfurt\/<\/a> und Instagram: <a href=\"https:\/\/www.instagram.com\/cafe.44\">https:\/\/www.instagram.com\/cafe.44<\/a><\/em><\/p>\n<p>Quelle:\u00a0<a href=\"http:\/\/www.e-recht24.de\/muster-disclaimer.htm\" target=\"_blank\" rel=\"noopener noreferrer\">Disclaimer<\/a>\u00a0von eRecht24, dem Portal zum Internetrecht von\u00a0<a href=\"http:\/\/www.e-recht24.de\/\" target=\"_blank\" rel=\"noopener noreferrer\">Rechtsanwalt<\/a>\u00a0S\u00f6ren Siebert.<\/p>\n<\/div><div class=\"fusion-clearfix\"><\/div><\/div><\/div><\/div><\/div>\n","protected":false},"excerpt":{"rendered":"","protected":false},"author":1,"featured_media":0,"parent":0,"menu_order":500,"comment_status":"closed","ping_status":"closed","template":"","meta":[],"acf":[],"yoast_head":"<!-- This site is optimized with the Yoast SEO plugin v18.6 - https:\/\/yoast.com\/wordpress\/plugins\/seo\/ -->\n<title>Impressum - Eiszauber<\/title>\n<meta name=\"robots\" content=\"index, follow, max-snippet:-1, max-image-preview:large, max-video-preview:-1\" \/>\n<link rel=\"canonical\" href=\"https:\/\/www.kressepark-erfurt.de\/eiszauber\/impressum\/\" \/>\n<meta property=\"og:locale\" content=\"de_DE\" \/>\n<meta property=\"og:type\" content=\"article\" \/>\n<meta property=\"og:title\" content=\"Impressum - Eiszauber\" \/>\n<meta property=\"og:url\" content=\"https:\/\/www.kressepark-erfurt.de\/eiszauber\/impressum\/\" \/>\n<meta property=\"og:site_name\" content=\"Eiszauber\" \/>\n<meta name=\"twitter:card\" content=\"summary_large_image\" \/>\n<meta name=\"twitter:label1\" content=\"Gesch\u00e4tzte Lesezeit\" \/>\n\t<meta name=\"twitter:data1\" content=\"5\u00a0Minuten\" \/>\n<script type=\"application\/ld+json\" class=\"yoast-schema-graph\">{\"@context\":\"https:\/\/schema.org\",\"@graph\":[{\"@type\":\"WebSite\",\"@id\":\"https:\/\/www.kressepark-erfurt.de\/eiszauber\/#website\",\"url\":\"https:\/\/www.kressepark-erfurt.de\/eiszauber\/\",\"name\":\"Eiszauber\",\"description\":\"Eine weitere Fischer Gastronomie Websites Website\",\"potentialAction\":[{\"@type\":\"SearchAction\",\"target\":{\"@type\":\"EntryPoint\",\"urlTemplate\":\"https:\/\/www.kressepark-erfurt.de\/eiszauber\/?s={search_term_string}\"},\"query-input\":\"required name=search_term_string\"}],\"inLanguage\":\"de\"},{\"@type\":\"WebPage\",\"@id\":\"https:\/\/www.kressepark-erfurt.de\/eiszauber\/impressum\/#webpage\",\"url\":\"https:\/\/www.kressepark-erfurt.de\/eiszauber\/impressum\/\",\"name\":\"Impressum - Eiszauber\",\"isPartOf\":{\"@id\":\"https:\/\/www.kressepark-erfurt.de\/eiszauber\/#website\"},\"datePublished\":\"2020-01-13T09:10:20+00:00\",\"dateModified\":\"2020-01-13T09:10:20+00:00\",\"breadcrumb\":{\"@id\":\"https:\/\/www.kressepark-erfurt.de\/eiszauber\/impressum\/#breadcrumb\"},\"inLanguage\":\"de\",\"potentialAction\":[{\"@type\":\"ReadAction\",\"target\":[\"https:\/\/www.kressepark-erfurt.de\/eiszauber\/impressum\/\"]}]},{\"@type\":\"BreadcrumbList\",\"@id\":\"https:\/\/www.kressepark-erfurt.de\/eiszauber\/impressum\/#breadcrumb\",\"itemListElement\":[{\"@type\":\"ListItem\",\"position\":1,\"name\":\"Startseite\",\"item\":\"https:\/\/www.kressepark-erfurt.de\/eiszauber\/\"},{\"@type\":\"ListItem\",\"position\":2,\"name\":\"Impressum\"}]}]}<\/script>\n<!-- \/ Yoast SEO plugin. -->","yoast_head_json":{"title":"Impressum - Eiszauber","robots":{"index":"index","follow":"follow","max-snippet":"max-snippet:-1","max-image-preview":"max-image-preview:large","max-video-preview":"max-video-preview:-1"},"canonical":"https:\/\/www.kressepark-erfurt.de\/eiszauber\/impressum\/","og_locale":"de_DE","og_type":"article","og_title":"Impressum - Eiszauber","og_url":"https:\/\/www.kressepark-erfurt.de\/eiszauber\/impressum\/","og_site_name":"Eiszauber","twitter_card":"summary_large_image","twitter_misc":{"Gesch\u00e4tzte Lesezeit":"5\u00a0Minuten"},"schema":{"@context":"https:\/\/schema.org","@graph":[{"@type":"WebSite","@id":"https:\/\/www.kressepark-erfurt.de\/eiszauber\/#website","url":"https:\/\/www.kressepark-erfurt.de\/eiszauber\/","name":"Eiszauber","description":"Eine weitere Fischer Gastronomie Websites Website","potentialAction":[{"@type":"SearchAction","target":{"@type":"EntryPoint","urlTemplate":"https:\/\/www.kressepark-erfurt.de\/eiszauber\/?s={search_term_string}"},"query-input":"required name=search_term_string"}],"inLanguage":"de"},{"@type":"WebPage","@id":"https:\/\/www.kressepark-erfurt.de\/eiszauber\/impressum\/#webpage","url":"https:\/\/www.kressepark-erfurt.de\/eiszauber\/impressum\/","name":"Impressum - Eiszauber","isPartOf":{"@id":"https:\/\/www.kressepark-erfurt.de\/eiszauber\/#website"},"datePublished":"2020-01-13T09:10:20+00:00","dateModified":"2020-01-13T09:10:20+00:00","breadcrumb":{"@id":"https:\/\/www.kressepark-erfurt.de\/eiszauber\/impressum\/#breadcrumb"},"inLanguage":"de","potentialAction":[{"@type":"ReadAction","target":["https:\/\/www.kressepark-erfurt.de\/eiszauber\/impressum\/"]}]},{"@type":"BreadcrumbList","@id":"https:\/\/www.kressepark-erfurt.de\/eiszauber\/impressum\/#breadcrumb","itemListElement":[{"@type":"ListItem","position":1,"name":"Startseite","item":"https:\/\/www.kressepark-erfurt.de\/eiszauber\/"},{"@type":"ListItem","position":2,"name":"Impressum"}]}]}},"_links":{"self":[{"href":"https:\/\/www.kressepark-erfurt.de\/eiszauber\/wp-json\/wp\/v2\/pages\/57"}],"collection":[{"href":"https:\/\/www.kressepark-erfurt.de\/eiszauber\/wp-json\/wp\/v2\/pages"}],"about":[{"href":"https:\/\/www.kressepark-erfurt.de\/eiszauber\/wp-json\/wp\/v2\/types\/page"}],"author":[{"embeddable":true,"href":"https:\/\/www.kressepark-erfurt.de\/eiszauber\/wp-json\/wp\/v2\/users\/1"}],"replies":[{"embeddable":true,"href":"https:\/\/www.kressepark-erfurt.de\/eiszauber\/wp-json\/wp\/v2\/comments?post=57"}],"version-history":[{"count":0,"href":"https:\/\/www.kressepark-erfurt.de\/eiszauber\/wp-json\/wp\/v2\/pages\/57\/revisions"}],"wp:attachment":[{"href":"https:\/\/www.kressepark-erfurt.de\/eiszauber\/wp-json\/wp\/v2\/media?parent=57"}],"curies":[{"name":"wp","href":"https:\/\/api.w.org\/{rel}","templated":true}]}}